{"id":372,"date":"2025-12-18T12:10:13","date_gmt":"2025-12-18T11:10:13","guid":{"rendered":"https:\/\/www.diverider.ch\/?page_id=372"},"modified":"2026-02-09T13:45:08","modified_gmt":"2026-02-09T12:45:08","slug":"diverider","status":"publish","type":"page","link":"https:\/\/www.diverider.ch\/","title":{"rendered":"HERZLICH WILLKOMMEN"},"content":{"rendered":"<div id=\"pl-372\"  class=\"panel-layout\" ><div id=\"pg-372-0\"  class=\"panel-grid panel-no-style\" ><div id=\"pgc-372-0-0\"  class=\"panel-grid-cell\" ><div id=\"panel-372-0-0-0\" class=\"so-panel widget widget_sow-editor panel-first-child\" data-index=\"0\" ><div\n\t\t\t\n\t\t\tclass=\"so-widget-sow-editor so-widget-sow-editor-base\"\n\t\t\t\n\t\t>\n<div class=\"siteorigin-widget-tinymce textwidget\">\n\t<p><a href=\"http:\/\/www.diverider.ch\/wp-content\/uploads\/2025\/12\/LandCruiserTaucher-scaled.jpg\"><img loading=\"lazy\" decoding=\"async\" class=\"alignnone wp-image-379 size-full\" src=\"http:\/\/www.diverider.ch\/wp-content\/uploads\/2025\/12\/LandCruiserTaucher-scaled.jpg\" alt=\"\" width=\"2560\" height=\"1053\" srcset=\"https:\/\/www.diverider.ch\/wp-content\/uploads\/2025\/12\/LandCruiserTaucher-scaled.jpg 2560w, https:\/\/www.diverider.ch\/wp-content\/uploads\/2025\/12\/LandCruiserTaucher-300x123.jpg 300w, https:\/\/www.diverider.ch\/wp-content\/uploads\/2025\/12\/LandCruiserTaucher-1024x421.jpg 1024w, https:\/\/www.diverider.ch\/wp-content\/uploads\/2025\/12\/LandCruiserTaucher-768x316.jpg 768w, https:\/\/www.diverider.ch\/wp-content\/uploads\/2025\/12\/LandCruiserTaucher-1536x632.jpg 1536w, https:\/\/www.diverider.ch\/wp-content\/uploads\/2025\/12\/LandCruiserTaucher-2048x843.jpg 2048w\" sizes=\"auto, (max-width: 2560px) 100vw, 2560px\" \/><\/a><\/p>\n<\/div>\n<\/div><\/div><div id=\"panel-372-0-0-1\" class=\"widget_text so-panel widget widget_custom_html panel-last-child\" data-index=\"1\" ><div class=\"textwidget custom-html-widget\">Dive (der Taucher) und Rider (der Offroad- oder Motorradfahrer) ist eine aufregende Mischung aus Schwerelosigkeit unter Wasser und rauem Abenteuer abseits der Strassen. Wer diesen Lebensstil lebt, plant Routinen um zwei Welten herum: die stille Tiefe des Meeres und die staubigen Pfade fernab befestigter Wege. \nAm Morgen weckt das Rauschen des Motors oder das leise Pl\u00e4tschern des Wassers, je nachdem, wo der Tag beginnt. Das Eintauchen in eine andere Welt, in der Stille herrscht, Lichtstrahlen durch Wasser filtrieren und Wunder wie farbenpr\u00e4chtige Riffs oder spektakul\u00e4re Steilw\u00e4nde zu entdecken sind. \nDie Tage drehen sich um Str\u00f6mungen, Sichtweiten und neue Tauchpl\u00e4tze, an denen man Ruhe findet, w\u00e4hrend man an der Luft der Wasseroberfl\u00e4che nur noch das Echo der eigenen Atemz\u00fcge h\u00f6rt.\nDas Offroadfahren bedeutet, mit dem Gel\u00e4ndewagen \u00fcber unbefestigte Pfade zu fahren, \u00fcber Sandd\u00fcnen, Felsen, Schlamm oder groben Untergrund. Es erfordert Geduld, Technik und ein klares Gef\u00fchl f\u00fcr das Fahrzeug, damit man sicher durch unwegsames Terrain kommt. In oft abgelegenen Regionen geh\u00f6ren Karten, GPS, Kompass und ein gut gef\u00fcllter Erste-Hilfe-Kasten zur Ausr\u00fcstung. Ein Tag im Offroad bedeutet, Spuren zu lesen, Hindernisse zu planen und die Natur in ihrer rauen Sch\u00f6nheit zu erleben, ohne die Umwelt zu belasten. H\u00e4ufig entstehen Freundschaften mit anderen Abenteurern, die dieselben Leidenschaften teilen, und die Stille der Nacht wird oft durch das Knistern eines Lagerfeuers, das Summen eines Motors im Hintergrund und das gelegentliche Brisenrauschen erg\u00e4nzt.\n<\/div><\/div><\/div><\/div><\/div>","protected":false},"excerpt":{"rendered":"<p>Dive (der Taucher) und Rider (der Offroad- oder Motorradfahrer) ist eine aufregende Mischung aus Schwerelosigkeit unter Wasser und rauem Abenteuer abseits der Strassen. Wer diesen Lebensstil lebt, plant Routinen um zwei Welten herum: die stille Tiefe des Meeres und die staubigen Pfade fernab befestigter Wege. Am Morgen weckt das Rauschen des Motors oder das leise [&hellip;]<\/p>\n","protected":false},"author":1,"featured_media":0,"parent":0,"menu_order":0,"comment_status":"closed","ping_status":"closed","template":"","meta":{"_uag_custom_page_level_css":"","site-sidebar-layout":"default","site-content-layout":"","ast-site-content-layout":"default","site-content-style":"default","site-sidebar-style":"default","ast-global-header-display":"","ast-banner-title-visibility":"","ast-main-header-display":"","ast-hfb-above-header-display":"","ast-hfb-below-header-display":"","ast-hfb-mobile-header-display":"","site-post-title":"","ast-breadcrumbs-content":"","ast-featured-img":"","footer-sml-layout":"","ast-disable-related-posts":"","theme-transparent-header-meta":"default","adv-header-id-meta":"","stick-header-meta":"","header-above-stick-meta":"","header-main-stick-meta":"","header-below-stick-meta":"","astra-migrate-meta-layouts":"set","ast-page-background-enabled":"default","ast-page-background-meta":{"desktop":{"background-color":"var(--ast-global-color-5)","background-image":"","background-repeat":"repeat","background-position":"center center","background-size":"auto","background-attachment":"scroll","background-type":"","background-media":"","overlay-type":"","overlay-color":"","overlay-opacity":"","overlay-gradient":""},"tablet":{"background-color":"","background-image":"","background-repeat":"repeat","background-position":"center center","background-size":"auto","background-attachment":"scroll","background-type":"","background-media":"","overlay-type":"","overlay-color":"","overlay-opacity":"","overlay-gradient":""},"mobile":{"background-color":"","background-image":"","background-repeat":"repeat","background-position":"center center","background-size":"auto","background-attachment":"scroll","background-type":"","background-media":"","overlay-type":"","overlay-color":"","overlay-opacity":"","overlay-gradient":""}},"ast-content-background-meta":{"desktop":{"background-color":"var(--ast-global-color-4)","background-image":"","background-repeat":"repeat","background-position":"center center","background-size":"auto","background-attachment":"scroll","background-type":"","background-media":"","overlay-type":"","overlay-color":"","overlay-opacity":"","overlay-gradient":""},"tablet":{"background-color":"var(--ast-global-color-4)","background-image":"","background-repeat":"repeat","background-position":"center center","background-size":"auto","background-attachment":"scroll","background-type":"","background-media":"","overlay-type":"","overlay-color":"","overlay-opacity":"","overlay-gradient":""},"mobile":{"background-color":"var(--ast-global-color-4)","background-image":"","background-repeat":"repeat","background-position":"center center","background-size":"auto","background-attachment":"scroll","background-type":"","background-media":"","overlay-type":"","overlay-color":"","overlay-opacity":"","overlay-gradient":""}},"_kadence_starter_templates_imported_post":false,"footnotes":""},"class_list":["post-372","page","type-page","status-publish","hentry"],"yoast_head":"<!-- This site is optimized with the Yoast SEO plugin v27.1.1 - https:\/\/yoast.com\/product\/yoast-seo-wordpress\/ -->\r\n<title>HERZLICH WILLKOMMEN - DiveRider<\/title>\r\n<meta name=\"description\" content=\"Was wenn?...tu es einfach! ist eine Lebenseinstellung. (\u00f6ffter was neues bereichert auch deinen geist.)\" \/>\r\n<meta name=\"robots\" content=\"index, follow, max-snippet:-1, max-image-preview:large, max-video-preview:-1\" \/>\r\n<link rel=\"canonical\" href=\"https:\/\/www.diverider.ch\/\" \/>\r\n<meta property=\"og:locale\" content=\"de_DE\" \/>\r\n<meta property=\"og:type\" content=\"article\" \/>\r\n<meta property=\"og:title\" content=\"HERZLICH WILLKOMMEN - DiveRider\" \/>\r\n<meta property=\"og:description\" content=\"Was wenn?...tu es einfach! ist eine Lebenseinstellung. (\u00f6ffter was neues bereichert auch deinen geist.)\" \/>\r\n<meta property=\"og:url\" content=\"https:\/\/www.diverider.ch\/\" \/>\r\n<meta property=\"og:site_name\" content=\"DiveRider\" \/>\r\n<meta property=\"article:modified_time\" content=\"2026-02-09T12:45:08+00:00\" \/>\r\n<meta property=\"og:image\" content=\"https:\/\/www.diverider.ch\/wp-content\/uploads\/2025\/12\/LandCruiserTaucher-scaled.jpg\" \/>\r\n\t<meta property=\"og:image:width\" content=\"2560\" \/>\r\n\t<meta property=\"og:image:height\" content=\"1053\" \/>\r\n\t<meta property=\"og:image:type\" content=\"image\/jpeg\" \/>\r\n<meta name=\"twitter:card\" content=\"summary_large_image\" \/>\r\n<meta name=\"twitter:label1\" content=\"Gesch\u00e4tzte Lesezeit\" \/>\n\t<meta name=\"twitter:data1\" content=\"2\u00a0Minuten\" \/>\r\n<script type=\"application\/ld+json\" class=\"yoast-schema-graph\">{\"@context\":\"https:\/\/schema.org\",\"@graph\":[{\"@type\":\"WebPage\",\"@id\":\"https:\/\/www.diverider.ch\/\",\"url\":\"https:\/\/www.diverider.ch\/\",\"name\":\"HERZLICH WILLKOMMEN - DiveRider\",\"isPartOf\":{\"@id\":\"https:\/\/www.diverider.ch\/#website\"},\"primaryImageOfPage\":{\"@id\":\"https:\/\/www.diverider.ch\/#primaryimage\"},\"image\":{\"@id\":\"https:\/\/www.diverider.ch\/#primaryimage\"},\"thumbnailUrl\":\"http:\/\/www.diverider.ch\/wp-content\/uploads\/2025\/12\/LandCruiserTaucher-scaled.jpg\",\"datePublished\":\"2025-12-18T11:10:13+00:00\",\"dateModified\":\"2026-02-09T12:45:08+00:00\",\"description\":\"Was wenn?...tu es einfach! ist eine Lebenseinstellung. (\u00f6ffter was neues bereichert auch deinen geist.)\",\"breadcrumb\":{\"@id\":\"https:\/\/www.diverider.ch\/#breadcrumb\"},\"inLanguage\":\"de\",\"potentialAction\":[{\"@type\":\"ReadAction\",\"target\":[\"https:\/\/www.diverider.ch\/\"]}]},{\"@type\":\"ImageObject\",\"inLanguage\":\"de\",\"@id\":\"https:\/\/www.diverider.ch\/#primaryimage\",\"url\":\"https:\/\/www.diverider.ch\/wp-content\/uploads\/2025\/12\/LandCruiserTaucher-scaled.jpg\",\"contentUrl\":\"https:\/\/www.diverider.ch\/wp-content\/uploads\/2025\/12\/LandCruiserTaucher-scaled.jpg\",\"width\":2560,\"height\":1053},{\"@type\":\"BreadcrumbList\",\"@id\":\"https:\/\/www.diverider.ch\/#breadcrumb\",\"itemListElement\":[{\"@type\":\"ListItem\",\"position\":1,\"name\":\"Startseite\",\"item\":\"https:\/\/www.diverider.ch\/\"},{\"@type\":\"ListItem\",\"position\":2,\"name\":\"HERZLICH WILLKOMMEN\"}]},{\"@type\":\"WebSite\",\"@id\":\"https:\/\/www.diverider.ch\/#website\",\"url\":\"https:\/\/www.diverider.ch\/\",\"name\":\"DiveRider\",\"description\":\"Was wenn?....tu es einfach!\",\"potentialAction\":[{\"@type\":\"SearchAction\",\"target\":{\"@type\":\"EntryPoint\",\"urlTemplate\":\"https:\/\/www.diverider.ch\/?s={search_term_string}\"},\"query-input\":{\"@type\":\"PropertyValueSpecification\",\"valueRequired\":true,\"valueName\":\"search_term_string\"}}],\"inLanguage\":\"de\"}]}<\/script>\r\n<!-- \/ Yoast SEO plugin. -->","yoast_head_json":{"title":"HERZLICH WILLKOMMEN - DiveRider","description":"Was wenn?...tu es einfach! ist eine Lebenseinstellung. (\u00f6ffter was neues bereichert auch deinen geist.)","robots":{"index":"index","follow":"follow","max-snippet":"max-snippet:-1","max-image-preview":"max-image-preview:large","max-video-preview":"max-video-preview:-1"},"canonical":"https:\/\/www.diverider.ch\/","og_locale":"de_DE","og_type":"article","og_title":"HERZLICH WILLKOMMEN - DiveRider","og_description":"Was wenn?...tu es einfach! ist eine Lebenseinstellung. (\u00f6ffter was neues bereichert auch deinen geist.)","og_url":"https:\/\/www.diverider.ch\/","og_site_name":"DiveRider","article_modified_time":"2026-02-09T12:45:08+00:00","og_image":[{"width":2560,"height":1053,"url":"https:\/\/www.diverider.ch\/wp-content\/uploads\/2025\/12\/LandCruiserTaucher-scaled.jpg","type":"image\/jpeg"}],"twitter_card":"summary_large_image","twitter_misc":{"Gesch\u00e4tzte Lesezeit":"2\u00a0Minuten"},"schema":{"@context":"https:\/\/schema.org","@graph":[{"@type":"WebPage","@id":"https:\/\/www.diverider.ch\/","url":"https:\/\/www.diverider.ch\/","name":"HERZLICH WILLKOMMEN - DiveRider","isPartOf":{"@id":"https:\/\/www.diverider.ch\/#website"},"primaryImageOfPage":{"@id":"https:\/\/www.diverider.ch\/#primaryimage"},"image":{"@id":"https:\/\/www.diverider.ch\/#primaryimage"},"thumbnailUrl":"http:\/\/www.diverider.ch\/wp-content\/uploads\/2025\/12\/LandCruiserTaucher-scaled.jpg","datePublished":"2025-12-18T11:10:13+00:00","dateModified":"2026-02-09T12:45:08+00:00","description":"Was wenn?...tu es einfach! ist eine Lebenseinstellung. (\u00f6ffter was neues bereichert auch deinen geist.)","breadcrumb":{"@id":"https:\/\/www.diverider.ch\/#breadcrumb"},"inLanguage":"de","potentialAction":[{"@type":"ReadAction","target":["https:\/\/www.diverider.ch\/"]}]},{"@type":"ImageObject","inLanguage":"de","@id":"https:\/\/www.diverider.ch\/#primaryimage","url":"https:\/\/www.diverider.ch\/wp-content\/uploads\/2025\/12\/LandCruiserTaucher-scaled.jpg","contentUrl":"https:\/\/www.diverider.ch\/wp-content\/uploads\/2025\/12\/LandCruiserTaucher-scaled.jpg","width":2560,"height":1053},{"@type":"BreadcrumbList","@id":"https:\/\/www.diverider.ch\/#breadcrumb","itemListElement":[{"@type":"ListItem","position":1,"name":"Startseite","item":"https:\/\/www.diverider.ch\/"},{"@type":"ListItem","position":2,"name":"HERZLICH WILLKOMMEN"}]},{"@type":"WebSite","@id":"https:\/\/www.diverider.ch\/#website","url":"https:\/\/www.diverider.ch\/","name":"DiveRider","description":"Was wenn?....tu es einfach!","potentialAction":[{"@type":"SearchAction","target":{"@type":"EntryPoint","urlTemplate":"https:\/\/www.diverider.ch\/?s={search_term_string}"},"query-input":{"@type":"PropertyValueSpecification","valueRequired":true,"valueName":"search_term_string"}}],"inLanguage":"de"}]}},"uagb_featured_image_src":{"full":false,"thumbnail":false,"medium":false,"medium_large":false,"large":false,"1536x1536":false,"2048x2048":false,"gg_gallery_thumbnail":false,"sow-carousel-default":false},"uagb_author_info":{"display_name":"admin","author_link":"https:\/\/www.diverider.ch\/?author=1"},"uagb_comment_info":0,"uagb_excerpt":"Dive (der Taucher) und Rider (der Offroad- oder Motorradfahrer) ist eine aufregende Mischung aus Schwerelosigkeit unter Wasser und rauem Abenteuer abseits der Strassen. Wer diesen Lebensstil lebt, plant Routinen um zwei Welten herum: die stille Tiefe des Meeres und die staubigen Pfade fernab befestigter Wege. Am Morgen weckt das Rauschen des Motors oder das leise&hellip;","_links":{"self":[{"href":"https:\/\/www.diverider.ch\/index.php?rest_route=\/wp\/v2\/pages\/372","targetHints":{"allow":["GET"]}}],"collection":[{"href":"https:\/\/www.diverider.ch\/index.php?rest_route=\/wp\/v2\/pages"}],"about":[{"href":"https:\/\/www.diverider.ch\/index.php?rest_route=\/wp\/v2\/types\/page"}],"author":[{"embeddable":true,"href":"https:\/\/www.diverider.ch\/index.php?rest_route=\/wp\/v2\/users\/1"}],"replies":[{"embeddable":true,"href":"https:\/\/www.diverider.ch\/index.php?rest_route=%2Fwp%2Fv2%2Fcomments&post=372"}],"version-history":[{"count":7,"href":"https:\/\/www.diverider.ch\/index.php?rest_route=\/wp\/v2\/pages\/372\/revisions"}],"predecessor-version":[{"id":814,"href":"https:\/\/www.diverider.ch\/index.php?rest_route=\/wp\/v2\/pages\/372\/revisions\/814"}],"wp:attachment":[{"href":"https:\/\/www.diverider.ch\/index.php?rest_route=%2Fwp%2Fv2%2Fmedia&parent=372"}],"curies":[{"name":"wp","href":"https:\/\/api.w.org\/{rel}","templated":true}]}}