{"id":427,"date":"2025-12-19T07:44:50","date_gmt":"2025-12-19T06:44:50","guid":{"rendered":"https:\/\/www.diverider.ch\/?page_id=427"},"modified":"2025-12-19T08:12:33","modified_gmt":"2025-12-19T07:12:33","slug":"albanien-september-oktober-2024","status":"publish","type":"page","link":"https:\/\/www.diverider.ch\/?page_id=427","title":{"rendered":"Albanien September-Oktober 2024"},"content":{"rendered":"<div id=\"pl-427\"  class=\"panel-layout\" ><div id=\"pg-427-0\"  class=\"panel-grid panel-no-style\" ><div id=\"pgc-427-0-0\"  class=\"panel-grid-cell\" ><div id=\"panel-427-0-0-0\" class=\"so-panel widget widget_siteorigin-panels-builder panel-first-child\" data-index=\"0\" ><div id=\"pl-w6944fa42b9725\"  class=\"panel-layout\" ><div id=\"pg-w6944fa42b9725-0\"  class=\"panel-grid panel-no-style\" ><div id=\"pgc-w6944fa42b9725-0-0\"  class=\"panel-grid-cell\" ><div id=\"panel-w6944fa42b9725-0-0-0\" class=\"so-panel widget widget_media_image panel-first-child panel-last-child\" data-index=\"0\" ><img loading=\"lazy\" decoding=\"async\" width=\"1024\" height=\"576\" src=\"https:\/\/www.diverider.ch\/wp-content\/uploads\/2025\/12\/AlbanienAbend-1024x576.jpg\" class=\"image wp-image-420  attachment-large size-large\" alt=\"\" style=\"max-width: 100%; height: auto;\" srcset=\"https:\/\/www.diverider.ch\/wp-content\/uploads\/2025\/12\/AlbanienAbend-1024x576.jpg 1024w, https:\/\/www.diverider.ch\/wp-content\/uploads\/2025\/12\/AlbanienAbend-300x169.jpg 300w, https:\/\/www.diverider.ch\/wp-content\/uploads\/2025\/12\/AlbanienAbend-768x432.jpg 768w, https:\/\/www.diverider.ch\/wp-content\/uploads\/2025\/12\/AlbanienAbend-1536x864.jpg 1536w, https:\/\/www.diverider.ch\/wp-content\/uploads\/2025\/12\/AlbanienAbend-2048x1152.jpg 2048w\" sizes=\"auto, (max-width: 1024px) 100vw, 1024px\" \/><\/div><\/div><div id=\"pgc-w6944fa42b9725-0-1\"  class=\"panel-grid-cell\" ><div id=\"panel-w6944fa42b9725-0-1-0\" class=\"widget_text so-panel widget widget_custom_html panel-first-child panel-last-child\" data-index=\"1\" ><div class=\"textwidget custom-html-widget\">1500 km Offroad in einem der sch\u00f6nsten L\u00e4nder auf dem Europ\u00e4ischen Kontinent. Freundliche und hilfsbereite Menschen in Stadt und Land. Die albanische Landschaft ist \u00e4usserst abwechslungsreich. Von den majest\u00e4tischen Albanischen Alpen im Norden, \u00fcber die rauen Gebirgsz\u00fcge bis hin zu den sanften H\u00fcgellandschaften im S\u00fcden, gibt es zahlreiche Routen f\u00fcr Offroad-Abenteuer. Die ber\u00fchmte Albanische Riviera, mit ihren atemberaubenden K\u00fcstenstrassen, bietet zudem spektakul\u00e4re Ausblicke auf das glitzernde Wasser der Adria.<\/div><\/div><\/div><\/div><\/div><\/div><div id=\"panel-427-0-0-1\" class=\"so-panel widget widget_siteorigin-panels-builder panel-last-child\" data-index=\"1\" ><div id=\"pl-w6944fa9cb984e\"  class=\"panel-layout\" ><div id=\"pg-w6944fa9cb984e-0\"  class=\"panel-grid panel-no-style\" ><div id=\"pgc-w6944fa9cb984e-0-0\"  class=\"panel-grid-cell\" ><div id=\"panel-w6944fa9cb984e-0-0-0\" class=\"so-panel widget widget_media_image panel-first-child panel-last-child\" data-index=\"0\" ><img loading=\"lazy\" decoding=\"async\" width=\"1024\" height=\"576\" src=\"https:\/\/www.diverider.ch\/wp-content\/uploads\/2025\/12\/Albanien02-1024x576.jpg\" class=\"image wp-image-433  attachment-large size-large\" alt=\"\" style=\"max-width: 100%; height: auto;\" srcset=\"https:\/\/www.diverider.ch\/wp-content\/uploads\/2025\/12\/Albanien02-1024x576.jpg 1024w, https:\/\/www.diverider.ch\/wp-content\/uploads\/2025\/12\/Albanien02-300x169.jpg 300w, https:\/\/www.diverider.ch\/wp-content\/uploads\/2025\/12\/Albanien02-768x432.jpg 768w, https:\/\/www.diverider.ch\/wp-content\/uploads\/2025\/12\/Albanien02-1536x864.jpg 1536w, https:\/\/www.diverider.ch\/wp-content\/uploads\/2025\/12\/Albanien02-2048x1152.jpg 2048w\" sizes=\"auto, (max-width: 1024px) 100vw, 1024px\" \/><\/div><\/div><div id=\"pgc-w6944fa9cb984e-0-1\"  class=\"panel-grid-cell\" ><div id=\"panel-w6944fa9cb984e-0-1-0\" class=\"so-panel widget widget_media_image panel-first-child panel-last-child\" data-index=\"1\" ><img loading=\"lazy\" decoding=\"async\" width=\"2560\" height=\"1440\" src=\"https:\/\/www.diverider.ch\/wp-content\/uploads\/2025\/12\/Albanien01-scaled.jpg\" class=\"image wp-image-432  attachment-full size-full\" alt=\"\" style=\"max-width: 100%; height: auto;\" srcset=\"https:\/\/www.diverider.ch\/wp-content\/uploads\/2025\/12\/Albanien01-scaled.jpg 2560w, https:\/\/www.diverider.ch\/wp-content\/uploads\/2025\/12\/Albanien01-300x169.jpg 300w, https:\/\/www.diverider.ch\/wp-content\/uploads\/2025\/12\/Albanien01-1024x576.jpg 1024w, https:\/\/www.diverider.ch\/wp-content\/uploads\/2025\/12\/Albanien01-768x432.jpg 768w, https:\/\/www.diverider.ch\/wp-content\/uploads\/2025\/12\/Albanien01-1536x864.jpg 1536w, https:\/\/www.diverider.ch\/wp-content\/uploads\/2025\/12\/Albanien01-2048x1152.jpg 2048w\" sizes=\"auto, (max-width: 2560px) 100vw, 2560px\" \/><\/div><\/div><\/div><\/div><\/div><\/div><\/div><div id=\"pg-427-1\"  class=\"panel-grid panel-no-style\" ><div id=\"pgc-427-1-0\"  class=\"panel-grid-cell\" ><div id=\"panel-427-1-0-0\" class=\"so-panel widget widget_media_image panel-first-child panel-last-child\" data-index=\"2\" ><img loading=\"lazy\" decoding=\"async\" width=\"576\" height=\"1024\" src=\"https:\/\/www.diverider.ch\/wp-content\/uploads\/2025\/12\/wp-17661239670715753361644087145385-576x1024.jpg\" class=\"image wp-image-419  attachment-large size-large\" alt=\"\" style=\"max-width: 100%; height: auto;\" srcset=\"https:\/\/www.diverider.ch\/wp-content\/uploads\/2025\/12\/wp-17661239670715753361644087145385-576x1024.jpg 576w, https:\/\/www.diverider.ch\/wp-content\/uploads\/2025\/12\/wp-17661239670715753361644087145385-169x300.jpg 169w, https:\/\/www.diverider.ch\/wp-content\/uploads\/2025\/12\/wp-17661239670715753361644087145385-768x1365.jpg 768w, https:\/\/www.diverider.ch\/wp-content\/uploads\/2025\/12\/wp-17661239670715753361644087145385-864x1536.jpg 864w, https:\/\/www.diverider.ch\/wp-content\/uploads\/2025\/12\/wp-17661239670715753361644087145385.jpg 1134w\" sizes=\"auto, (max-width: 576px) 100vw, 576px\" \/><\/div><\/div><div id=\"pgc-427-1-1\"  class=\"panel-grid-cell\" ><div id=\"panel-427-1-1-0\" class=\"so-panel widget widget_media_video panel-first-child panel-last-child\" data-index=\"3\" ><div style=\"width:100%;\" class=\"wp-video\"><video class=\"wp-video-shortcode\" id=\"video-427-1\" preload=\"metadata\" controls=\"controls\"><source type=\"video\/mp4\" src=\"https:\/\/www.diverider.ch\/wp-content\/uploads\/2025\/12\/Albanien1.mp4?_=1\" \/><source type=\"video\/mp4\" src=\"http:\/\/www.diverider.ch\/wp-content\/uploads\/2025\/12\/Albanien1.mp4?_=1\" \/><a href=\"https:\/\/www.diverider.ch\/wp-content\/uploads\/2025\/12\/Albanien1.mp4\">https:\/\/www.diverider.ch\/wp-content\/uploads\/2025\/12\/Albanien1.mp4<\/a><\/video><\/div><\/div><\/div><\/div><div id=\"pg-427-2\"  class=\"panel-grid panel-no-style\" ><div id=\"pgc-427-2-0\"  class=\"panel-grid-cell\" ><div id=\"panel-427-2-0-0\" class=\"so-panel widget widget_media_image panel-first-child panel-last-child\" data-index=\"4\" ><img loading=\"lazy\" decoding=\"async\" width=\"1024\" height=\"576\" src=\"https:\/\/www.diverider.ch\/wp-content\/uploads\/2025\/12\/Albanien03-1024x576.jpg\" class=\"image wp-image-434  attachment-large size-large\" alt=\"\" style=\"max-width: 100%; height: auto;\" srcset=\"https:\/\/www.diverider.ch\/wp-content\/uploads\/2025\/12\/Albanien03-1024x576.jpg 1024w, https:\/\/www.diverider.ch\/wp-content\/uploads\/2025\/12\/Albanien03-300x169.jpg 300w, https:\/\/www.diverider.ch\/wp-content\/uploads\/2025\/12\/Albanien03-768x432.jpg 768w, https:\/\/www.diverider.ch\/wp-content\/uploads\/2025\/12\/Albanien03-1536x864.jpg 1536w, https:\/\/www.diverider.ch\/wp-content\/uploads\/2025\/12\/Albanien03-2048x1152.jpg 2048w\" sizes=\"auto, (max-width: 1024px) 100vw, 1024px\" \/><\/div><\/div><div id=\"pgc-427-2-1\"  class=\"panel-grid-cell\" ><div id=\"panel-427-2-1-0\" class=\"so-panel widget widget_media_video panel-first-child panel-last-child\" data-index=\"5\" ><div style=\"width:100%;\" class=\"wp-video\"><video class=\"wp-video-shortcode\" id=\"video-427-2\" preload=\"metadata\" controls=\"controls\"><source type=\"video\/mp4\" src=\"https:\/\/www.diverider.ch\/wp-content\/uploads\/2025\/12\/Albanien21.mp4?_=2\" \/><source type=\"video\/mp4\" src=\"http:\/\/www.diverider.ch\/wp-content\/uploads\/2025\/12\/Albanien21.mp4?_=2\" \/><a href=\"https:\/\/www.diverider.ch\/wp-content\/uploads\/2025\/12\/Albanien21.mp4\">https:\/\/www.diverider.ch\/wp-content\/uploads\/2025\/12\/Albanien21.mp4<\/a><\/video><\/div><\/div><\/div><\/div><\/div>","protected":false},"excerpt":{"rendered":"<p>1500 km Offroad in einem der sch\u00f6nsten L\u00e4nder auf dem Europ\u00e4ischen Kontinent. Freundliche und hilfsbereite Menschen in Stadt und Land. Die albanische Landschaft ist \u00e4usserst abwechslungsreich. Von den majest\u00e4tischen Albanischen Alpen im Norden, \u00fcber die rauen Gebirgsz\u00fcge bis hin zu den sanften H\u00fcgellandschaften im S\u00fcden, gibt es zahlreiche Routen f\u00fcr Offroad-Abenteuer. Die ber\u00fchmte Albanische Riviera, [&hellip;]<\/p>\n","protected":false},"author":1,"featured_media":0,"parent":0,"menu_order":0,"comment_status":"closed","ping_status":"closed","template":"","meta":{"_uag_custom_page_level_css":"","site-sidebar-layout":"default","site-content-layout":"","ast-site-content-layout":"default","site-content-style":"default","site-sidebar-style":"default","ast-global-header-display":"","ast-banner-title-visibility":"","ast-main-header-display":"","ast-hfb-above-header-display":"","ast-hfb-below-header-display":"","ast-hfb-mobile-header-display":"","site-post-title":"","ast-breadcrumbs-content":"","ast-featured-img":"","footer-sml-layout":"","ast-disable-related-posts":"","theme-transparent-header-meta":"default","adv-header-id-meta":"","stick-header-meta":"","header-above-stick-meta":"","header-main-stick-meta":"","header-below-stick-meta":"","astra-migrate-meta-layouts":"set","ast-page-background-enabled":"default","ast-page-background-meta":{"desktop":{"background-color":"var(--ast-global-color-5)","background-image":"","background-repeat":"repeat","background-position":"center center","background-size":"auto","background-attachment":"scroll","background-type":"","background-media":"","overlay-type":"","overlay-color":"","overlay-opacity":"","overlay-gradient":""},"tablet":{"background-color":"","background-image":"","background-repeat":"repeat","background-position":"center center","background-size":"auto","background-attachment":"scroll","background-type":"","background-media":"","overlay-type":"","overlay-color":"","overlay-opacity":"","overlay-gradient":""},"mobile":{"background-color":"","background-image":"","background-repeat":"repeat","background-position":"center center","background-size":"auto","background-attachment":"scroll","background-type":"","background-media":"","overlay-type":"","overlay-color":"","overlay-opacity":"","overlay-gradient":""}},"ast-content-background-meta":{"desktop":{"background-color":"var(--ast-global-color-4)","background-image":"","background-repeat":"repeat","background-position":"center center","background-size":"auto","background-attachment":"scroll","background-type":"","background-media":"","overlay-type":"","overlay-color":"","overlay-opacity":"","overlay-gradient":""},"tablet":{"background-color":"var(--ast-global-color-4)","background-image":"","background-repeat":"repeat","background-position":"center center","background-size":"auto","background-attachment":"scroll","background-type":"","background-media":"","overlay-type":"","overlay-color":"","overlay-opacity":"","overlay-gradient":""},"mobile":{"background-color":"var(--ast-global-color-4)","background-image":"","background-repeat":"repeat","background-position":"center center","background-size":"auto","background-attachment":"scroll","background-type":"","background-media":"","overlay-type":"","overlay-color":"","overlay-opacity":"","overlay-gradient":""}},"_kadence_starter_templates_imported_post":false,"footnotes":""},"class_list":["post-427","page","type-page","status-publish","hentry"],"yoast_head":"<!-- This site is optimized with the Yoast SEO plugin v27.1.1 - https:\/\/yoast.com\/product\/yoast-seo-wordpress\/ -->\r\n<title>Albanien September-Oktober 2024 - DiveRider<\/title>\r\n<meta name=\"robots\" content=\"index, follow, max-snippet:-1, max-image-preview:large, max-video-preview:-1\" \/>\r\n<link rel=\"canonical\" href=\"https:\/\/www.diverider.ch\/?page_id=427\" \/>\r\n<meta property=\"og:locale\" content=\"de_DE\" \/>\r\n<meta property=\"og:type\" content=\"article\" \/>\r\n<meta property=\"og:title\" content=\"Albanien September-Oktober 2024 - DiveRider\" \/>\r\n<meta property=\"og:description\" content=\"1500 km Offroad in einem der sch\u00f6nsten L\u00e4nder auf dem Europ\u00e4ischen Kontinent. Freundliche und hilfsbereite Menschen in Stadt und Land. Die albanische Landschaft ist \u00e4usserst abwechslungsreich. Von den majest\u00e4tischen Albanischen Alpen im Norden, \u00fcber die rauen Gebirgsz\u00fcge bis hin zu den sanften H\u00fcgellandschaften im S\u00fcden, gibt es zahlreiche Routen f\u00fcr Offroad-Abenteuer. Die ber\u00fchmte Albanische Riviera, [&hellip;]\" \/>\r\n<meta property=\"og:url\" content=\"https:\/\/www.diverider.ch\/?page_id=427\" \/>\r\n<meta property=\"og:site_name\" content=\"DiveRider\" \/>\r\n<meta property=\"article:modified_time\" content=\"2025-12-19T07:12:33+00:00\" \/>\r\n<meta name=\"twitter:card\" content=\"summary_large_image\" \/>\r\n<meta name=\"twitter:label1\" content=\"Gesch\u00e4tzte Lesezeit\" \/>\n\t<meta name=\"twitter:data1\" content=\"2\u00a0Minuten\" \/>\r\n<script type=\"application\/ld+json\" class=\"yoast-schema-graph\">{\"@context\":\"https:\/\/schema.org\",\"@graph\":[{\"@type\":\"WebPage\",\"@id\":\"https:\/\/www.diverider.ch\/?page_id=427\",\"url\":\"https:\/\/www.diverider.ch\/?page_id=427\",\"name\":\"Albanien September-Oktober 2024 - DiveRider\",\"isPartOf\":{\"@id\":\"https:\/\/www.diverider.ch\/#website\"},\"datePublished\":\"2025-12-19T06:44:50+00:00\",\"dateModified\":\"2025-12-19T07:12:33+00:00\",\"breadcrumb\":{\"@id\":\"https:\/\/www.diverider.ch\/?page_id=427#breadcrumb\"},\"inLanguage\":\"de\",\"potentialAction\":[{\"@type\":\"ReadAction\",\"target\":[\"https:\/\/www.diverider.ch\/?page_id=427\"]}]},{\"@type\":\"BreadcrumbList\",\"@id\":\"https:\/\/www.diverider.ch\/?page_id=427#breadcrumb\",\"itemListElement\":[{\"@type\":\"ListItem\",\"position\":1,\"name\":\"Startseite\",\"item\":\"https:\/\/www.diverider.ch\/\"},{\"@type\":\"ListItem\",\"position\":2,\"name\":\"Albanien September-Oktober 2024\"}]},{\"@type\":\"WebSite\",\"@id\":\"https:\/\/www.diverider.ch\/#website\",\"url\":\"https:\/\/www.diverider.ch\/\",\"name\":\"DiveRider\",\"description\":\"Was wenn?....tu es einfach!\",\"potentialAction\":[{\"@type\":\"SearchAction\",\"target\":{\"@type\":\"EntryPoint\",\"urlTemplate\":\"https:\/\/www.diverider.ch\/?s={search_term_string}\"},\"query-input\":{\"@type\":\"PropertyValueSpecification\",\"valueRequired\":true,\"valueName\":\"search_term_string\"}}],\"inLanguage\":\"de\"}]}<\/script>\r\n<!-- \/ Yoast SEO plugin. -->","yoast_head_json":{"title":"Albanien September-Oktober 2024 - DiveRider","robots":{"index":"index","follow":"follow","max-snippet":"max-snippet:-1","max-image-preview":"max-image-preview:large","max-video-preview":"max-video-preview:-1"},"canonical":"https:\/\/www.diverider.ch\/?page_id=427","og_locale":"de_DE","og_type":"article","og_title":"Albanien September-Oktober 2024 - DiveRider","og_description":"1500 km Offroad in einem der sch\u00f6nsten L\u00e4nder auf dem Europ\u00e4ischen Kontinent. Freundliche und hilfsbereite Menschen in Stadt und Land. Die albanische Landschaft ist \u00e4usserst abwechslungsreich. Von den majest\u00e4tischen Albanischen Alpen im Norden, \u00fcber die rauen Gebirgsz\u00fcge bis hin zu den sanften H\u00fcgellandschaften im S\u00fcden, gibt es zahlreiche Routen f\u00fcr Offroad-Abenteuer. Die ber\u00fchmte Albanische Riviera, [&hellip;]","og_url":"https:\/\/www.diverider.ch\/?page_id=427","og_site_name":"DiveRider","article_modified_time":"2025-12-19T07:12:33+00:00","twitter_card":"summary_large_image","twitter_misc":{"Gesch\u00e4tzte Lesezeit":"2\u00a0Minuten"},"schema":{"@context":"https:\/\/schema.org","@graph":[{"@type":"WebPage","@id":"https:\/\/www.diverider.ch\/?page_id=427","url":"https:\/\/www.diverider.ch\/?page_id=427","name":"Albanien September-Oktober 2024 - DiveRider","isPartOf":{"@id":"https:\/\/www.diverider.ch\/#website"},"datePublished":"2025-12-19T06:44:50+00:00","dateModified":"2025-12-19T07:12:33+00:00","breadcrumb":{"@id":"https:\/\/www.diverider.ch\/?page_id=427#breadcrumb"},"inLanguage":"de","potentialAction":[{"@type":"ReadAction","target":["https:\/\/www.diverider.ch\/?page_id=427"]}]},{"@type":"BreadcrumbList","@id":"https:\/\/www.diverider.ch\/?page_id=427#breadcrumb","itemListElement":[{"@type":"ListItem","position":1,"name":"Startseite","item":"https:\/\/www.diverider.ch\/"},{"@type":"ListItem","position":2,"name":"Albanien September-Oktober 2024"}]},{"@type":"WebSite","@id":"https:\/\/www.diverider.ch\/#website","url":"https:\/\/www.diverider.ch\/","name":"DiveRider","description":"Was wenn?....tu es einfach!","potentialAction":[{"@type":"SearchAction","target":{"@type":"EntryPoint","urlTemplate":"https:\/\/www.diverider.ch\/?s={search_term_string}"},"query-input":{"@type":"PropertyValueSpecification","valueRequired":true,"valueName":"search_term_string"}}],"inLanguage":"de"}]}},"uagb_featured_image_src":{"full":false,"thumbnail":false,"medium":false,"medium_large":false,"large":false,"1536x1536":false,"2048x2048":false,"gg_gallery_thumbnail":false,"sow-carousel-default":false},"uagb_author_info":{"display_name":"admin","author_link":"https:\/\/www.diverider.ch\/?author=1"},"uagb_comment_info":0,"uagb_excerpt":"1500 km Offroad in einem der sch\u00f6nsten L\u00e4nder auf dem Europ\u00e4ischen Kontinent. Freundliche und hilfsbereite Menschen in Stadt und Land. Die albanische Landschaft ist \u00e4usserst abwechslungsreich. Von den majest\u00e4tischen Albanischen Alpen im Norden, \u00fcber die rauen Gebirgsz\u00fcge bis hin zu den sanften H\u00fcgellandschaften im S\u00fcden, gibt es zahlreiche Routen f\u00fcr Offroad-Abenteuer. Die ber\u00fchmte Albanische Riviera,&hellip;","_links":{"self":[{"href":"https:\/\/www.diverider.ch\/index.php?rest_route=\/wp\/v2\/pages\/427","targetHints":{"allow":["GET"]}}],"collection":[{"href":"https:\/\/www.diverider.ch\/index.php?rest_route=\/wp\/v2\/pages"}],"about":[{"href":"https:\/\/www.diverider.ch\/index.php?rest_route=\/wp\/v2\/types\/page"}],"author":[{"embeddable":true,"href":"https:\/\/www.diverider.ch\/index.php?rest_route=\/wp\/v2\/users\/1"}],"replies":[{"embeddable":true,"href":"https:\/\/www.diverider.ch\/index.php?rest_route=%2Fwp%2Fv2%2Fcomments&post=427"}],"version-history":[{"count":7,"href":"https:\/\/www.diverider.ch\/index.php?rest_route=\/wp\/v2\/pages\/427\/revisions"}],"predecessor-version":[{"id":439,"href":"https:\/\/www.diverider.ch\/index.php?rest_route=\/wp\/v2\/pages\/427\/revisions\/439"}],"wp:attachment":[{"href":"https:\/\/www.diverider.ch\/index.php?rest_route=%2Fwp%2Fv2%2Fmedia&parent=427"}],"curies":[{"name":"wp","href":"https:\/\/api.w.org\/{rel}","templated":true}]}}