{"id":467,"date":"2025-12-21T11:31:36","date_gmt":"2025-12-21T10:31:36","guid":{"rendered":"https:\/\/www.diverider.ch\/?page_id=467"},"modified":"2026-01-16T21:15:00","modified_gmt":"2026-01-16T20:15:00","slug":"ligurien-2025","status":"publish","type":"page","link":"https:\/\/www.diverider.ch\/?page_id=467","title":{"rendered":"Ligurien 2025"},"content":{"rendered":"<div id=\"pl-467\"  class=\"panel-layout\" ><div id=\"pg-467-0\"  class=\"panel-grid panel-no-style\" ><div id=\"pgc-467-0-0\"  class=\"panel-grid-cell\" ><div id=\"panel-467-0-0-0\" class=\"so-panel widget widget_media_image panel-first-child\" data-index=\"0\" ><a href=\"http:\/\/www.diverider.ch\/wp-content\/uploads\/2025\/12\/IMG-20251220-WA0018-scaled.jpg\"><img loading=\"lazy\" decoding=\"async\" width=\"2560\" height=\"1920\" src=\"https:\/\/www.diverider.ch\/wp-content\/uploads\/2025\/12\/IMG-20251220-WA0018-scaled.jpg\" class=\"image wp-image-471  attachment-full size-full\" alt=\"\" style=\"max-width: 100%; height: auto;\" srcset=\"https:\/\/www.diverider.ch\/wp-content\/uploads\/2025\/12\/IMG-20251220-WA0018-scaled.jpg 2560w, https:\/\/www.diverider.ch\/wp-content\/uploads\/2025\/12\/IMG-20251220-WA0018-300x225.jpg 300w, https:\/\/www.diverider.ch\/wp-content\/uploads\/2025\/12\/IMG-20251220-WA0018-1024x768.jpg 1024w, https:\/\/www.diverider.ch\/wp-content\/uploads\/2025\/12\/IMG-20251220-WA0018-768x576.jpg 768w, https:\/\/www.diverider.ch\/wp-content\/uploads\/2025\/12\/IMG-20251220-WA0018-1536x1152.jpg 1536w, https:\/\/www.diverider.ch\/wp-content\/uploads\/2025\/12\/IMG-20251220-WA0018-2048x1536.jpg 2048w\" sizes=\"auto, (max-width: 2560px) 100vw, 2560px\" \/><\/a><\/div><div id=\"panel-467-0-0-1\" class=\"so-panel widget widget_media_image\" data-index=\"1\" ><a href=\"http:\/\/www.diverider.ch\/wp-content\/uploads\/2025\/12\/IMG-20251123-WA0068.jpg\"><img loading=\"lazy\" decoding=\"async\" width=\"2048\" height=\"1152\" src=\"https:\/\/www.diverider.ch\/wp-content\/uploads\/2025\/12\/IMG-20251123-WA0068.jpg\" class=\"image wp-image-475  attachment-full size-full\" alt=\"\" style=\"max-width: 100%; height: auto;\" srcset=\"https:\/\/www.diverider.ch\/wp-content\/uploads\/2025\/12\/IMG-20251123-WA0068.jpg 2048w, https:\/\/www.diverider.ch\/wp-content\/uploads\/2025\/12\/IMG-20251123-WA0068-300x169.jpg 300w, https:\/\/www.diverider.ch\/wp-content\/uploads\/2025\/12\/IMG-20251123-WA0068-1024x576.jpg 1024w, https:\/\/www.diverider.ch\/wp-content\/uploads\/2025\/12\/IMG-20251123-WA0068-768x432.jpg 768w, https:\/\/www.diverider.ch\/wp-content\/uploads\/2025\/12\/IMG-20251123-WA0068-1536x864.jpg 1536w\" sizes=\"auto, (max-width: 2048px) 100vw, 2048px\" \/><\/a><\/div><div id=\"panel-467-0-0-2\" class=\"so-panel widget widget_media_image panel-last-child\" data-index=\"2\" ><a href=\"http:\/\/www.diverider.ch\/wp-content\/uploads\/2025\/12\/IMG-20251123-WA0024.jpg\"><img loading=\"lazy\" decoding=\"async\" width=\"1134\" height=\"2016\" src=\"https:\/\/www.diverider.ch\/wp-content\/uploads\/2025\/12\/IMG-20251123-WA0024.jpg\" class=\"image wp-image-470  attachment-full size-full\" alt=\"\" style=\"max-width: 100%; height: auto;\" srcset=\"https:\/\/www.diverider.ch\/wp-content\/uploads\/2025\/12\/IMG-20251123-WA0024.jpg 1134w, https:\/\/www.diverider.ch\/wp-content\/uploads\/2025\/12\/IMG-20251123-WA0024-169x300.jpg 169w, https:\/\/www.diverider.ch\/wp-content\/uploads\/2025\/12\/IMG-20251123-WA0024-576x1024.jpg 576w, https:\/\/www.diverider.ch\/wp-content\/uploads\/2025\/12\/IMG-20251123-WA0024-768x1365.jpg 768w, https:\/\/www.diverider.ch\/wp-content\/uploads\/2025\/12\/IMG-20251123-WA0024-864x1536.jpg 864w\" sizes=\"auto, (max-width: 1134px) 100vw, 1134px\" \/><\/a><\/div><\/div><div id=\"pgc-467-0-1\"  class=\"panel-grid-cell\" ><div id=\"panel-467-0-1-0\" class=\"widget_text so-panel widget widget_custom_html panel-first-child panel-last-child\" data-index=\"3\" ><div class=\"textwidget custom-html-widget\">Ligurien ist f\u00fcr 4x4-Enthusiasten eines der spektakul\u00e4rsten Offroad-Ziele Europas, gepr\u00e4gt durch den Kontrast zwischen der alpinen Bergwelt und dem Blick auf das Mittelmeer. \nNicht nur die bekannten Strecken, sondern im besonderen die versteckten S\u00e4umerpfade aus vergangenen Epochen.<\/div><\/div><\/div><\/div><\/div>","protected":false},"excerpt":{"rendered":"<p>Ligurien ist f\u00fcr 4&#215;4-Enthusiasten eines der spektakul\u00e4rsten Offroad-Ziele Europas, gepr\u00e4gt durch den Kontrast zwischen der alpinen Bergwelt und dem Blick auf das Mittelmeer. Nicht nur die bekannten Strecken, sondern im besonderen die versteckten S\u00e4umerpfade aus vergangenen Epochen.<\/p>\n","protected":false},"author":1,"featured_media":0,"parent":0,"menu_order":0,"comment_status":"closed","ping_status":"closed","template":"","meta":{"_uag_custom_page_level_css":"","site-sidebar-layout":"default","site-content-layout":"","ast-site-content-layout":"default","site-content-style":"default","site-sidebar-style":"default","ast-global-header-display":"","ast-banner-title-visibility":"","ast-main-header-display":"","ast-hfb-above-header-display":"","ast-hfb-below-header-display":"","ast-hfb-mobile-header-display":"","site-post-title":"","ast-breadcrumbs-content":"","ast-featured-img":"","footer-sml-layout":"","ast-disable-related-posts":"","theme-transparent-header-meta":"default","adv-header-id-meta":"","stick-header-meta":"","header-above-stick-meta":"","header-main-stick-meta":"","header-below-stick-meta":"","astra-migrate-meta-layouts":"set","ast-page-background-enabled":"default","ast-page-background-meta":{"desktop":{"background-color":"var(--ast-global-color-5)","background-image":"","background-repeat":"repeat","background-position":"center center","background-size":"auto","background-attachment":"scroll","background-type":"","background-media":"","overlay-type":"","overlay-color":"","overlay-opacity":"","overlay-gradient":""},"tablet":{"background-color":"","background-image":"","background-repeat":"repeat","background-position":"center center","background-size":"auto","background-attachment":"scroll","background-type":"","background-media":"","overlay-type":"","overlay-color":"","overlay-opacity":"","overlay-gradient":""},"mobile":{"background-color":"","background-image":"","background-repeat":"repeat","background-position":"center center","background-size":"auto","background-attachment":"scroll","background-type":"","background-media":"","overlay-type":"","overlay-color":"","overlay-opacity":"","overlay-gradient":""}},"ast-content-background-meta":{"desktop":{"background-color":"var(--ast-global-color-4)","background-image":"","background-repeat":"repeat","background-position":"center center","background-size":"auto","background-attachment":"scroll","background-type":"","background-media":"","overlay-type":"","overlay-color":"","overlay-opacity":"","overlay-gradient":""},"tablet":{"background-color":"var(--ast-global-color-4)","background-image":"","background-repeat":"repeat","background-position":"center center","background-size":"auto","background-attachment":"scroll","background-type":"","background-media":"","overlay-type":"","overlay-color":"","overlay-opacity":"","overlay-gradient":""},"mobile":{"background-color":"var(--ast-global-color-4)","background-image":"","background-repeat":"repeat","background-position":"center center","background-size":"auto","background-attachment":"scroll","background-type":"","background-media":"","overlay-type":"","overlay-color":"","overlay-opacity":"","overlay-gradient":""}},"_kadence_starter_templates_imported_post":false,"footnotes":""},"class_list":["post-467","page","type-page","status-publish","hentry"],"yoast_head":"<!-- This site is optimized with the Yoast SEO plugin v27.1.1 - https:\/\/yoast.com\/product\/yoast-seo-wordpress\/ -->\r\n<title>Ligurien 2025 - DiveRider<\/title>\r\n<meta name=\"robots\" content=\"index, follow, max-snippet:-1, max-image-preview:large, max-video-preview:-1\" \/>\r\n<link rel=\"canonical\" href=\"https:\/\/www.diverider.ch\/?page_id=467\" \/>\r\n<meta property=\"og:locale\" content=\"de_DE\" \/>\r\n<meta property=\"og:type\" content=\"article\" \/>\r\n<meta property=\"og:title\" content=\"Ligurien 2025 - DiveRider\" \/>\r\n<meta property=\"og:description\" content=\"Ligurien ist f\u00fcr 4x4-Enthusiasten eines der spektakul\u00e4rsten Offroad-Ziele Europas, gepr\u00e4gt durch den Kontrast zwischen der alpinen Bergwelt und dem Blick auf das Mittelmeer. Nicht nur die bekannten Strecken, sondern im besonderen die versteckten S\u00e4umerpfade aus vergangenen Epochen.\" \/>\r\n<meta property=\"og:url\" content=\"https:\/\/www.diverider.ch\/?page_id=467\" \/>\r\n<meta property=\"og:site_name\" content=\"DiveRider\" \/>\r\n<meta property=\"article:modified_time\" content=\"2026-01-16T20:15:00+00:00\" \/>\r\n<meta name=\"twitter:card\" content=\"summary_large_image\" \/>\r\n<meta name=\"twitter:label1\" content=\"Gesch\u00e4tzte Lesezeit\" \/>\n\t<meta name=\"twitter:data1\" content=\"1\u00a0Minute\" \/>\r\n<script type=\"application\/ld+json\" class=\"yoast-schema-graph\">{\"@context\":\"https:\/\/schema.org\",\"@graph\":[{\"@type\":\"WebPage\",\"@id\":\"https:\/\/www.diverider.ch\/?page_id=467\",\"url\":\"https:\/\/www.diverider.ch\/?page_id=467\",\"name\":\"Ligurien 2025 - DiveRider\",\"isPartOf\":{\"@id\":\"https:\/\/www.diverider.ch\/#website\"},\"datePublished\":\"2025-12-21T10:31:36+00:00\",\"dateModified\":\"2026-01-16T20:15:00+00:00\",\"breadcrumb\":{\"@id\":\"https:\/\/www.diverider.ch\/?page_id=467#breadcrumb\"},\"inLanguage\":\"de\",\"potentialAction\":[{\"@type\":\"ReadAction\",\"target\":[\"https:\/\/www.diverider.ch\/?page_id=467\"]}]},{\"@type\":\"BreadcrumbList\",\"@id\":\"https:\/\/www.diverider.ch\/?page_id=467#breadcrumb\",\"itemListElement\":[{\"@type\":\"ListItem\",\"position\":1,\"name\":\"Startseite\",\"item\":\"https:\/\/www.diverider.ch\/\"},{\"@type\":\"ListItem\",\"position\":2,\"name\":\"Ligurien 2025\"}]},{\"@type\":\"WebSite\",\"@id\":\"https:\/\/www.diverider.ch\/#website\",\"url\":\"https:\/\/www.diverider.ch\/\",\"name\":\"DiveRider\",\"description\":\"Was wenn?....tu es einfach!\",\"potentialAction\":[{\"@type\":\"SearchAction\",\"target\":{\"@type\":\"EntryPoint\",\"urlTemplate\":\"https:\/\/www.diverider.ch\/?s={search_term_string}\"},\"query-input\":{\"@type\":\"PropertyValueSpecification\",\"valueRequired\":true,\"valueName\":\"search_term_string\"}}],\"inLanguage\":\"de\"}]}<\/script>\r\n<!-- \/ Yoast SEO plugin. -->","yoast_head_json":{"title":"Ligurien 2025 - DiveRider","robots":{"index":"index","follow":"follow","max-snippet":"max-snippet:-1","max-image-preview":"max-image-preview:large","max-video-preview":"max-video-preview:-1"},"canonical":"https:\/\/www.diverider.ch\/?page_id=467","og_locale":"de_DE","og_type":"article","og_title":"Ligurien 2025 - DiveRider","og_description":"Ligurien ist f\u00fcr 4x4-Enthusiasten eines der spektakul\u00e4rsten Offroad-Ziele Europas, gepr\u00e4gt durch den Kontrast zwischen der alpinen Bergwelt und dem Blick auf das Mittelmeer. Nicht nur die bekannten Strecken, sondern im besonderen die versteckten S\u00e4umerpfade aus vergangenen Epochen.","og_url":"https:\/\/www.diverider.ch\/?page_id=467","og_site_name":"DiveRider","article_modified_time":"2026-01-16T20:15:00+00:00","twitter_card":"summary_large_image","twitter_misc":{"Gesch\u00e4tzte Lesezeit":"1\u00a0Minute"},"schema":{"@context":"https:\/\/schema.org","@graph":[{"@type":"WebPage","@id":"https:\/\/www.diverider.ch\/?page_id=467","url":"https:\/\/www.diverider.ch\/?page_id=467","name":"Ligurien 2025 - DiveRider","isPartOf":{"@id":"https:\/\/www.diverider.ch\/#website"},"datePublished":"2025-12-21T10:31:36+00:00","dateModified":"2026-01-16T20:15:00+00:00","breadcrumb":{"@id":"https:\/\/www.diverider.ch\/?page_id=467#breadcrumb"},"inLanguage":"de","potentialAction":[{"@type":"ReadAction","target":["https:\/\/www.diverider.ch\/?page_id=467"]}]},{"@type":"BreadcrumbList","@id":"https:\/\/www.diverider.ch\/?page_id=467#breadcrumb","itemListElement":[{"@type":"ListItem","position":1,"name":"Startseite","item":"https:\/\/www.diverider.ch\/"},{"@type":"ListItem","position":2,"name":"Ligurien 2025"}]},{"@type":"WebSite","@id":"https:\/\/www.diverider.ch\/#website","url":"https:\/\/www.diverider.ch\/","name":"DiveRider","description":"Was wenn?....tu es einfach!","potentialAction":[{"@type":"SearchAction","target":{"@type":"EntryPoint","urlTemplate":"https:\/\/www.diverider.ch\/?s={search_term_string}"},"query-input":{"@type":"PropertyValueSpecification","valueRequired":true,"valueName":"search_term_string"}}],"inLanguage":"de"}]}},"uagb_featured_image_src":{"full":false,"thumbnail":false,"medium":false,"medium_large":false,"large":false,"1536x1536":false,"2048x2048":false,"gg_gallery_thumbnail":false,"sow-carousel-default":false},"uagb_author_info":{"display_name":"admin","author_link":"https:\/\/www.diverider.ch\/?author=1"},"uagb_comment_info":0,"uagb_excerpt":"Ligurien ist f\u00fcr 4x4-Enthusiasten eines der spektakul\u00e4rsten Offroad-Ziele Europas, gepr\u00e4gt durch den Kontrast zwischen der alpinen Bergwelt und dem Blick auf das Mittelmeer. Nicht nur die bekannten Strecken, sondern im besonderen die versteckten S\u00e4umerpfade aus vergangenen Epochen.","_links":{"self":[{"href":"https:\/\/www.diverider.ch\/index.php?rest_route=\/wp\/v2\/pages\/467","targetHints":{"allow":["GET"]}}],"collection":[{"href":"https:\/\/www.diverider.ch\/index.php?rest_route=\/wp\/v2\/pages"}],"about":[{"href":"https:\/\/www.diverider.ch\/index.php?rest_route=\/wp\/v2\/types\/page"}],"author":[{"embeddable":true,"href":"https:\/\/www.diverider.ch\/index.php?rest_route=\/wp\/v2\/users\/1"}],"replies":[{"embeddable":true,"href":"https:\/\/www.diverider.ch\/index.php?rest_route=%2Fwp%2Fv2%2Fcomments&post=467"}],"version-history":[{"count":6,"href":"https:\/\/www.diverider.ch\/index.php?rest_route=\/wp\/v2\/pages\/467\/revisions"}],"predecessor-version":[{"id":671,"href":"https:\/\/www.diverider.ch\/index.php?rest_route=\/wp\/v2\/pages\/467\/revisions\/671"}],"wp:attachment":[{"href":"https:\/\/www.diverider.ch\/index.php?rest_route=%2Fwp%2Fv2%2Fmedia&parent=467"}],"curies":[{"name":"wp","href":"https:\/\/api.w.org\/{rel}","templated":true}]}}